{"id":47,"date":"2026-03-24T18:26:56","date_gmt":"2026-03-24T17:26:56","guid":{"rendered":"https:\/\/langenhan.capital\/?page_id=47"},"modified":"2026-03-24T19:18:10","modified_gmt":"2026-03-24T18:18:10","slug":"lagerraum","status":"publish","type":"page","link":"https:\/\/langenhan.capital\/?page_id=47","title":{"rendered":"Lagerraum"},"content":{"rendered":"\n<div class=\"wp-block-columns is-layout-flex wp-container-core-columns-is-layout-28f84493 wp-block-columns-is-layout-flex\">\n<div class=\"wp-block-column is-layout-flow wp-block-column-is-layout-flow\"><\/div>\n\n\n\n<div class=\"wp-block-column is-layout-flow wp-block-column-is-layout-flow\"><\/div>\n<\/div>\n\n\n\n<p><strong>Sie suchen einen abschlie\u00dfbaren Lagerraum zur sicheren Aufbewahrung Ihrer Gegenst\u00e4nde?<\/strong><\/p>\n\n\n\n<p><br>Bei uns k\u00f6nnen Sie Lagerr\u00e4ume mieten, um pers\u00f6nliche Dinge, Hausrat, Akten, M\u00f6bel, Fahrr\u00e4der, Maschinen und vieles mehr sicher und gesch\u00fctzt zu lagern. Unsere Lagerl\u00f6sungen bieten Ihnen eine praktische, flexible und zuverl\u00e4ssige M\u00f6glichkeit, Platz zu schaffen und Ihre Gegenst\u00e4nde optimal unterzubringen.<\/p>\n\n\n\n<figure class=\"wp-block-table\"><table class=\"has-fixed-layout\"><thead><tr><th>Fl\u00e4che<\/th><th>Volumen<\/th><th>Preis<\/th><\/tr><\/thead><tbody><tr><td>ca. 5,00 m\u00b2<\/td><td>ca. 12,50 m\u00b3<\/td><td>45,00 Euro<\/td><\/tr><tr><td>ca. 8,00 m\u00b2<\/td><td>ca. 20,00 m\u00b3<\/td><td>65,50 Euro<\/td><\/tr><tr><td>ca. 10,00 m\u00b2<\/td><td>ca. 25,00 m\u00b3<\/td><td>80,00 Euro<\/td><\/tr><tr><td>ca. 13,00 m\u00b2<\/td><td>ca. 30,00 m\u00b3<\/td><td>97,50 Euro<\/td><\/tr><tr><td>ca. 17,00 m\u00b2<\/td><td>ca. 38,00 m\u00b3<\/td><td>127,50 Euro<\/td><\/tr><tr><td>ca. 28,00 m\u00b2<\/td><td>ca. 50,00 m\u00b3<\/td><td>210,00 Euro<\/td><\/tr><\/tbody><\/table><\/figure>\n\n\n\n<p>Es handelt sich um monatliche Preise.<\/p>\n\n\n\n<p><br>F\u00fcr private Mieter sind diese Preise Bruttopreise. F\u00fcr Vorsteuerabzugsberechtigte gewerbliche Mieter verstehen sich diese Preise zzgl. 19,00 % USt.<\/p>\n\n\n\n<p>Nach Bedarf und Absprache k\u00f6nnen Regale in den Lagerboxen montiert werden.<\/p>\n\n\n\n<p>F\u00fcr unsere Lagerr\u00e4ume gelten folgende Vertragsbedingungen:<\/p>\n\n\n\n<ul class=\"wp-block-list\">\n<li>Mindestvertragslaufzeit: 1 Monat<\/li>\n\n\n\n<li>Abrechnungszeitraum: 1 Monat<\/li>\n\n\n\n<li>K\u00fcndigungsfrist: bis 14 Tage vor Vertragsende<\/li>\n\n\n\n<li>Zahlungsziel: zum 1. des Monats<\/li>\n\n\n\n<li>Zahlungsart: \u00dcberweisung<\/li>\n\n\n\n<li>Einlagerungsdauer: frei w\u00e4hlbar<\/li>\n\n\n\n<li>Zugang: nur nach Vereinbarung m\u00f6glich (Absprache mit dem Lagerhalter)<\/li>\n<\/ul>\n\n\n\n<p>Von der Einlagerung ausgeschlossen sind:<\/p>\n\n\n\n<ul class=\"wp-block-list\">\n<li>lebende oder tote Tiere<\/li>\n\n\n\n<li>Nahrungsmittel, Fl\u00fcssigkeiten jeglicher Art<\/li>\n\n\n\n<li>Brennstoffe und andere leicht entflammbare Stoffe<\/li>\n\n\n\n<li>explosive Gegenst\u00e4nde und Waffen<\/li>\n\n\n\n<li>Pflanzen, sowie mit Erde gef\u00fcllte T\u00f6pfe<\/li>\n\n\n\n<li>K\u00fchlschr\u00e4nke nur mit ge\u00f6ffneter T\u00fcr einlagern<\/li>\n<\/ul>\n\n\n\n<p>Zu Beginn der Anmietung ist eine Kaution in H\u00f6he von 100,00 \u20ac f\u00e4llig die nach ordnungsgem\u00e4\u00dfer R\u00e4umung des Lagerraums zur\u00fcckgezahlt wird.<\/p>\n\n\n\n<p><\/p>\n","protected":false},"excerpt":{"rendered":"<p>Sie suchen einen abschlie\u00dfbaren Lagerraum zur sicheren Aufbewahrung Ihrer Gegenst\u00e4nde? Bei uns k\u00f6nnen Sie Lagerr\u00e4ume mieten, um pers\u00f6nliche Dinge, Hausrat, Akten, M\u00f6bel, Fahrr\u00e4der, Maschinen und vieles mehr sicher und gesch\u00fctzt zu lagern. Unsere Lagerl\u00f6sungen bieten Ihnen eine praktische, flexible und zuverl\u00e4ssige M\u00f6glichkeit, Platz zu schaffen und Ihre Gegenst\u00e4nde optimal unterzubringen. Fl\u00e4che Volumen Preis ca. 5,00 [&hellip;]<\/p>\n","protected":false},"author":1,"featured_media":0,"parent":0,"menu_order":0,"comment_status":"closed","ping_status":"closed","template":"","meta":{"footnotes":""},"class_list":["post-47","page","type-page","status-publish","hentry"],"_links":{"self":[{"href":"https:\/\/langenhan.capital\/index.php?rest_route=\/wp\/v2\/pages\/47","targetHints":{"allow":["GET"]}}],"collection":[{"href":"https:\/\/langenhan.capital\/index.php?rest_route=\/wp\/v2\/pages"}],"about":[{"href":"https:\/\/langenhan.capital\/index.php?rest_route=\/wp\/v2\/types\/page"}],"author":[{"embeddable":true,"href":"https:\/\/langenhan.capital\/index.php?rest_route=\/wp\/v2\/users\/1"}],"replies":[{"embeddable":true,"href":"https:\/\/langenhan.capital\/index.php?rest_route=%2Fwp%2Fv2%2Fcomments&post=47"}],"version-history":[{"count":2,"href":"https:\/\/langenhan.capital\/index.php?rest_route=\/wp\/v2\/pages\/47\/revisions"}],"predecessor-version":[{"id":59,"href":"https:\/\/langenhan.capital\/index.php?rest_route=\/wp\/v2\/pages\/47\/revisions\/59"}],"wp:attachment":[{"href":"https:\/\/langenhan.capital\/index.php?rest_route=%2Fwp%2Fv2%2Fmedia&parent=47"}],"curies":[{"name":"wp","href":"https:\/\/api.w.org\/{rel}","templated":true}]}}